{"id":2230,"date":"2020-09-25T02:52:58","date_gmt":"2020-09-25T02:52:58","guid":{"rendered":"https:\/\/lancamentossc.com.br\/site\/?page_id=2230"},"modified":"2025-09-12T22:06:16","modified_gmt":"2025-09-12T22:06:16","slug":"home-01","status":"publish","type":"page","link":"https:\/\/lancamentossc.com.br\/site\/","title":{"rendered":"Home Principal"},"content":{"rendered":"<div class=\"wpb-content-wrapper\"><p>[vc_row full_width=&#8221;stretch_row&#8221; content_placement=&#8221;middle&#8221; bg_overlay_mode=&#8221;color&#8221; bg_overlay_opacity=&#8221;40&#8243; css=&#8221;.vc_custom_1727866595614{background: #E39A6600 url(https:\/\/lancamentossc.com.br\/site\/wp-content\/uploads\/2024\/10\/Design-sem-nome-3.jpg?id=5289) !important;}&#8221; bg_overlay_color=&#8221;#00000000&#8243;][vc_column][g5element_space spacing=&#8221;160&#8243;][g5element_heading layout_style=&#8221;style-02&#8243; title=&#8221;Os Melhores Lan\u00e7amentos Imobili\u00e1rios de SC&#8221; title_typography=&#8221;%7B%22font_family%22%3A%22%22%2C%22font_weight%22%3A%22%22%2C%22font_style%22%3A%22%22%2C%22font_size_lg%22%3A%2250%22%2C%22font_size_md%22%3A%22%22%2C%22font_size_sm%22%3A%22%22%2C%22font_size_xs%22%3A%2242%22%2C%22align%22%3A%22%22%2C%22text_transform%22%3A%22%22%2C%22line_height%22%3A%221.54%22%2C%22letter_spacing%22%3A%22%22%2C%22color%22%3A%22%23102f6b%22%2C%22hover_color%22%3A%22%22%7D&#8221; subtitle_typography=&#8221;%7B%22font_family%22%3A%22%22%2C%22font_weight%22%3A%22%22%2C%22font_style%22%3A%22%22%2C%22font_size_lg%22%3A%2222%22%2C%22font_size_md%22%3A%22%22%2C%22font_size_sm%22%3A%22%22%2C%22font_size_xs%22%3A%2218%22%2C%22align%22%3A%22%22%2C%22text_transform%22%3A%22%22%2C%22line_height%22%3A%22%22%2C%22letter_spacing%22%3A%223.67px%22%2C%22color%22%3A%22%23ffffff%22%2C%22hover_color%22%3A%22%22%7D&#8221;][g5element_space spacing=&#8221;83&#8243;][g5element_property_search_form search_form=&#8221;ere-search-03&#8243; el_class=&#8221;custom-ere-search-05&#8243;][g5element_space][\/vc_column][\/vc_row][vc_row full_width=&#8221;stretch_row&#8221; el_class=&#8221;vc-col-no-pt vc-row-left-right-200&#8243; css=&#8221;.vc_custom_1727866981572{padding-right: 10% !important;padding-left: 10% !important;background-color: #E7E7E7 !important;border-color: #E7E7E7 !important;}&#8221;][vc_column][g5element_space spacing=&#8221;40&#8243; spacing_md=&#8221;50&#8243;][\/vc_column][vc_column width=&#8221;1\/2&#8243; offset=&#8221;vc_col-lg-4 vc_col-md-5&#8243;][vc_column_text css=&#8221;&#8221;]<\/p>\n<h5 style=\"text-align: left;\"><strong><span style=\"color: #ff6600;\">493 Empreendimentos cadastrados!<\/span><\/strong><\/h5>\n<p>[\/vc_column_text][g5element_heading title=&#8221;Buscar<br \/>\npor regi\u00e3o&#8221; description=&#8221;Escolha a regi\u00e3o desejada e confira os melhores lan\u00e7amentos imobili\u00e1rios&#8221; switch_line_field=&#8221;on&#8221; limit_width=&#8221;380&#8243;][g5element_space spacing=&#8221;32&#8243;][\/vc_column][vc_column width=&#8221;1\/2&#8243; offset=&#8221;vc_col-lg-8 vc_col-md-7&#8243;][g5element_space spacing=&#8221;22&#8243; spacing_sm=&#8221;28&#8243;][g5element_slider_container slides_to_show=&#8221;5&#8243; columns_lg=&#8221;3&#8243; columns_md=&#8221;2&#8243; columns_sm=&#8221;3&#8243; columns_xs=&#8221;2&#8243; autoplay_enable=&#8221;on&#8221; fade_enabled=&#8221;&#8221; el_class=&#8221;custom-slider-pd custom-slider-arrow-01 lg-arrow-hide&#8221;][g5element_image_box layout_style=&#8221;style-02&#8243; icon_image=&#8221;5326&#8243; img_style=&#8221;img-default&#8221; hover_image_effect=&#8221;&#8221; title=&#8221;Florian\u00f3polis&#8221; link=&#8221;url:https%3A%2F%2Flancamentossc.com.br%2Fsite%2Fproperty%2F%3Fcity%3Dflorianopolis%26post_type%3Dproperty&#8221;][\/g5element_image_box][g5element_image_box layout_style=&#8221;style-02&#8243; icon_image=&#8221;5327&#8243; img_style=&#8221;img-default&#8221; hover_image_effect=&#8221;&#8221; title=&#8221;Grande Florian\u00f3polis&#8221; link=&#8221;url:https%3A%2F%2Flancamentossc.com.br%2Fsite%2Fproperty%2F%3Fcity%3Dgflorianopolis%26post_type%3Dproperty&#8221;][\/g5element_image_box][g5element_image_box layout_style=&#8221;style-02&#8243; icon_image=&#8221;5329&#8243; img_style=&#8221;img-default&#8221; hover_image_effect=&#8221;&#8221; title=&#8221;Litoral Sul&#8221; link=&#8221;url:https%3A%2F%2Flancamentossc.com.br%2Fsite%2Fproperty%2F%3Fcity%3Dlitoral-sul%26post_type%3Dproperty&#8221;][\/g5element_image_box][g5element_image_box layout_style=&#8221;style-02&#8243; icon_image=&#8221;5328&#8243; img_style=&#8221;img-default&#8221; hover_image_effect=&#8221;&#8221; title=&#8221;Litoral Norte&#8221; link=&#8221;url:https%3A%2F%2Flancamentossc.com.br%2Fsite%2Fproperty%2F%3Fcity%3Dlitoral-norte%26post_type%3Dproperty&#8221;][\/g5element_image_box][g5element_image_box layout_style=&#8221;style-02&#8243; icon_image=&#8221;5330&#8243; img_style=&#8221;img-default&#8221; hover_image_effect=&#8221;&#8221; title=&#8221;Serra Catarinense&#8221; link=&#8221;url:https%3A%2F%2Flancamentossc.com.br%2Fsite%2Fproperty%2F%3Fcity%3Dserra-catarinense%26post_type%3Dproperty&#8221;][\/g5element_image_box][g5element_image_box layout_style=&#8221;style-02&#8243; icon_image=&#8221;5333&#8243; img_style=&#8221;img-default&#8221; hover_image_effect=&#8221;&#8221; title=&#8221;Vale do Itaja\u00ed&#8221; link=&#8221;url:https%3A%2F%2Flancamentossc.com.br%2Fsite%2Fproperty%2F%3Fcity%3Dvale-do-itajai%26post_type%3Dproperty&#8221;][\/g5element_image_box][g5element_image_box layout_style=&#8221;style-02&#8243; icon_image=&#8221;5332&#8243; img_style=&#8221;img-default&#8221; hover_image_effect=&#8221;&#8221; title=&#8221;Oeste&#8221; link=&#8221;url:https%3A%2F%2Flancamentossc.com.br%2Fsite%2Fproperty%2F%3Fcity%3Doeste%26post_type%3Dproperty&#8221;][\/g5element_image_box][g5element_image_box layout_style=&#8221;style-02&#8243; icon_image=&#8221;5331&#8243; img_style=&#8221;img-default&#8221; hover_image_effect=&#8221;&#8221; title=&#8221;Sul&#8221; link=&#8221;url:https%3A%2F%2Flancamentossc.com.br%2Fsite%2Fproperty%2F%3Fcity%3Dsul%26post_type%3Dproperty&#8221;][\/g5element_image_box][\/g5element_slider_container][\/vc_column][vc_column][g5element_space spacing=&#8221;19&#8243; spacing_md=&#8221;19&#8243; spacing_sm=&#8221;5&#8243;][\/vc_column][\/vc_row][vc_row full_width=&#8221;stretch_row_content_no_spaces&#8221; el_class=&#8221;vc-row-left-right-200 vc-col-no-pt&#8221;][vc_column][g5element_space spacing=&#8221;90&#8243; spacing_md=&#8221;70&#8243;][\/vc_column][vc_column width=&#8221;7\/12&#8243; css=&#8221;.vc_custom_1750447480782{padding-left: 30px !important;}&#8221;][g5element_heading title=&#8221;Florian\u00f3polis&#8221; switch_line_field=&#8221;on&#8221;][\/vc_column][vc_column width=&#8221;5\/12&#8243;][g5element_space spacing=&#8221;20&#8243;][g5element_button title=&#8221;VER TODOS&#8221; shape=&#8221;rounded&#8221; color=&#8221;primary&#8221; align=&#8221;right&#8221; icon_font=&#8221;fas fa-long-arrow-alt-right&#8221; icon_align=&#8221;right&#8221; button_typography=&#8221;%7B%22font_family%22%3A%22%22%2C%22font_weight%22%3A%22%22%2C%22font_style%22%3A%22%22%2C%22font_size_lg%22%3A%22%22%2C%22font_size_md%22%3A%22%22%2C%22font_size_sm%22%3A%22%22%2C%22font_size_xs%22%3A%22%22%2C%22align%22%3A%22%22%2C%22text_transform%22%3A%22%22%2C%22line_height%22%3A%22%22%2C%22letter_spacing%22%3A%22-0.22px%22%2C%22color%22%3A%22%22%2C%22hover_color%22%3A%22%22%7D&#8221; padding_left_right=&#8221;34&#8243; link=&#8221;url:https%3A%2F%2Flancamentossc.com.br%2Fsite%2Fproperty%2F%3Fcity%3Dflorianopolis%26post_type%3Dproperty&#8221; el_class=&#8221;justify-content-start-sm&#8221;][\/vc_column][vc_column][\/vc_column][\/vc_row][vc_row full_width=&#8221;stretch_row_content_no_spaces&#8221;][vc_column css=&#8221;.vc_custom_1750447076288{padding-right: 10% !important;padding-left: 10% !important;}&#8221;][g5element_space spacing=&#8221;27&#8243;][g5element_properties_carousel property_city=&#8221;15&#8243; columns_lg=&#8221;3&#8243; columns_md=&#8221;2&#8243; columns_sm=&#8221;1&#8243; columns=&#8221;1&#8243; slider_navigation_enable=&#8221;on&#8221; slider_autoplay_enable=&#8221;on&#8221; post_image_ratio_width=&#8221;357&#8243; post_image_ratio_height=&#8221;210&#8243; el_class=&#8221;custom-properties-carousel-01&#8243;][g5element_space spacing=&#8221;70&#8243;][\/vc_column][\/vc_row][vc_row full_width=&#8221;stretch_row_content_no_spaces&#8221; el_class=&#8221;vc-row-left-right-200 vc-col-no-pt&#8221;][vc_column][\/vc_column][vc_column width=&#8221;7\/12&#8243;][g5element_heading title=&#8221;Grande Florian\u00f3polis&#8221; switch_line_field=&#8221;on&#8221; css=&#8221;.vc_custom_1750448010766{padding-left: 30px !important;}&#8221;][\/vc_column][vc_column width=&#8221;5\/12&#8243;][g5element_space spacing=&#8221;20&#8243;][g5element_button title=&#8221;VER TODOS&#8221; shape=&#8221;rounded&#8221; color=&#8221;primary&#8221; align=&#8221;right&#8221; icon_font=&#8221;fas fa-long-arrow-alt-right&#8221; icon_align=&#8221;right&#8221; button_typography=&#8221;%7B%22font_family%22%3A%22%22%2C%22font_weight%22%3A%22%22%2C%22font_style%22%3A%22%22%2C%22font_size_lg%22%3A%22%22%2C%22font_size_md%22%3A%22%22%2C%22font_size_sm%22%3A%22%22%2C%22font_size_xs%22%3A%22%22%2C%22align%22%3A%22%22%2C%22text_transform%22%3A%22%22%2C%22line_height%22%3A%22%22%2C%22letter_spacing%22%3A%22-0.22px%22%2C%22color%22%3A%22%22%2C%22hover_color%22%3A%22%22%7D&#8221; padding_left_right=&#8221;34&#8243; link=&#8221;url:https%3A%2F%2Flancamentossc.com.br%2Fsite%2Fproperty%2F%3Fcity%3Dgflorianopolis%26post_type%3Dproperty&#8221; el_class=&#8221;justify-content-start-sm&#8221;][\/vc_column][vc_column][\/vc_column][\/vc_row][vc_row full_width=&#8221;stretch_row_content_no_spaces&#8221;][vc_column css=&#8221;.vc_custom_1750447076288{padding-right: 10% !important;padding-left: 10% !important;}&#8221;][g5element_space spacing=&#8221;27&#8243;][g5element_properties_carousel property_city=&#8221;20&#8243; columns_lg=&#8221;3&#8243; columns_md=&#8221;2&#8243; columns_sm=&#8221;1&#8243; columns=&#8221;1&#8243; slider_navigation_enable=&#8221;on&#8221; slider_autoplay_enable=&#8221;on&#8221; post_image_ratio_width=&#8221;357&#8243; post_image_ratio_height=&#8221;210&#8243; el_class=&#8221;custom-properties-carousel-01&#8243;][g5element_space spacing=&#8221;70&#8243;][\/vc_column][\/vc_row][vc_row full_width=&#8221;stretch_row_content_no_spaces&#8221; el_class=&#8221;vc-row-left-right-200 vc-col-no-pt&#8221;][vc_column][\/vc_column][vc_column width=&#8221;7\/12&#8243; css=&#8221;.vc_custom_1750448353704{padding-left: 30px !important;}&#8221;][g5element_heading title=&#8221;Litoral Norte&#8221; switch_line_field=&#8221;on&#8221;][\/vc_column][vc_column width=&#8221;5\/12&#8243;][g5element_space spacing=&#8221;20&#8243;][g5element_button title=&#8221;VER TODOS&#8221; shape=&#8221;rounded&#8221; color=&#8221;primary&#8221; align=&#8221;right&#8221; icon_font=&#8221;fas fa-long-arrow-alt-right&#8221; icon_align=&#8221;right&#8221; button_typography=&#8221;%7B%22font_family%22%3A%22%22%2C%22font_weight%22%3A%22%22%2C%22font_style%22%3A%22%22%2C%22font_size_lg%22%3A%22%22%2C%22font_size_md%22%3A%22%22%2C%22font_size_sm%22%3A%22%22%2C%22font_size_xs%22%3A%22%22%2C%22align%22%3A%22%22%2C%22text_transform%22%3A%22%22%2C%22line_height%22%3A%22%22%2C%22letter_spacing%22%3A%22-0.22px%22%2C%22color%22%3A%22%22%2C%22hover_color%22%3A%22%22%7D&#8221; padding_left_right=&#8221;34&#8243; link=&#8221;url:https%3A%2F%2Flancamentossc.com.br%2Fsite%2Fproperty%2F%3Fcity%3Dlitoral-norte%26post_type%3Dproperty&#8221; el_class=&#8221;justify-content-start-sm&#8221;][\/vc_column][vc_column][\/vc_column][\/vc_row][vc_row full_width=&#8221;stretch_row_content_no_spaces&#8221;][vc_column css=&#8221;.vc_custom_1750447076288{padding-right: 10% !important;padding-left: 10% !important;}&#8221;][g5element_space spacing=&#8221;27&#8243;][g5element_properties_carousel property_city=&#8221;43&#8243; columns_lg=&#8221;3&#8243; columns_md=&#8221;2&#8243; columns_sm=&#8221;1&#8243; columns=&#8221;1&#8243; slider_navigation_enable=&#8221;on&#8221; slider_autoplay_enable=&#8221;on&#8221; post_image_ratio_width=&#8221;357&#8243; post_image_ratio_height=&#8221;210&#8243; el_class=&#8221;custom-properties-carousel-01&#8243;][g5element_space spacing=&#8221;70&#8243;][\/vc_column][\/vc_row][vc_row full_width=&#8221;stretch_row_content_no_spaces&#8221; el_class=&#8221;vc-row-left-right-200 vc-col-no-pt&#8221;][vc_column][\/vc_column][vc_column width=&#8221;7\/12&#8243; css=&#8221;.vc_custom_1750448353704{padding-left: 30px !important;}&#8221;][g5element_heading title=&#8221;Litoral Sul&#8221; switch_line_field=&#8221;on&#8221;][\/vc_column][vc_column width=&#8221;5\/12&#8243;][g5element_space spacing=&#8221;20&#8243;][g5element_button title=&#8221;VER TODOS&#8221; shape=&#8221;rounded&#8221; color=&#8221;primary&#8221; align=&#8221;right&#8221; icon_font=&#8221;fas fa-long-arrow-alt-right&#8221; icon_align=&#8221;right&#8221; button_typography=&#8221;%7B%22font_family%22%3A%22%22%2C%22font_weight%22%3A%22%22%2C%22font_style%22%3A%22%22%2C%22font_size_lg%22%3A%22%22%2C%22font_size_md%22%3A%22%22%2C%22font_size_sm%22%3A%22%22%2C%22font_size_xs%22%3A%22%22%2C%22align%22%3A%22%22%2C%22text_transform%22%3A%22%22%2C%22line_height%22%3A%22%22%2C%22letter_spacing%22%3A%22-0.22px%22%2C%22color%22%3A%22%22%2C%22hover_color%22%3A%22%22%7D&#8221; padding_left_right=&#8221;34&#8243; link=&#8221;url:https%3A%2F%2Flancamentossc.com.br%2Fsite%2Fproperty%2F%3Fcity%3Dlitoral-sul%26post_type%3Dproperty&#8221; el_class=&#8221;justify-content-start-sm&#8221;][\/vc_column][vc_column][\/vc_column][\/vc_row][vc_row full_width=&#8221;stretch_row_content_no_spaces&#8221;][vc_column css=&#8221;.vc_custom_1750447076288{padding-right: 10% !important;padding-left: 10% !important;}&#8221;][g5element_space spacing=&#8221;27&#8243;][g5element_properties_carousel property_city=&#8221;28&#8243; columns_lg=&#8221;3&#8243; columns_md=&#8221;2&#8243; columns_sm=&#8221;1&#8243; columns=&#8221;1&#8243; slider_navigation_enable=&#8221;on&#8221; slider_autoplay_enable=&#8221;on&#8221; post_image_ratio_width=&#8221;357&#8243; post_image_ratio_height=&#8221;210&#8243; el_class=&#8221;custom-properties-carousel-01&#8243;][g5element_space spacing=&#8221;70&#8243;][\/vc_column][\/vc_row][vc_row full_width=&#8221;stretch_row_content_no_spaces&#8221; el_class=&#8221;vc-row-left-right-200 vc-col-no-pt&#8221;][vc_column][\/vc_column][vc_column width=&#8221;7\/12&#8243; css=&#8221;.vc_custom_1750448415816{padding-left: 30px !important;}&#8221;][g5element_heading title=&#8221;Serra Catarinense&#8221; switch_line_field=&#8221;on&#8221;][\/vc_column][vc_column width=&#8221;5\/12&#8243;][g5element_space spacing=&#8221;20&#8243;][g5element_button title=&#8221;VER TODOS&#8221; shape=&#8221;rounded&#8221; color=&#8221;primary&#8221; align=&#8221;right&#8221; icon_font=&#8221;fas fa-long-arrow-alt-right&#8221; icon_align=&#8221;right&#8221; button_typography=&#8221;%7B%22font_family%22%3A%22%22%2C%22font_weight%22%3A%22%22%2C%22font_style%22%3A%22%22%2C%22font_size_lg%22%3A%22%22%2C%22font_size_md%22%3A%22%22%2C%22font_size_sm%22%3A%22%22%2C%22font_size_xs%22%3A%22%22%2C%22align%22%3A%22%22%2C%22text_transform%22%3A%22%22%2C%22line_height%22%3A%22%22%2C%22letter_spacing%22%3A%22-0.22px%22%2C%22color%22%3A%22%22%2C%22hover_color%22%3A%22%22%7D&#8221; padding_left_right=&#8221;34&#8243; link=&#8221;url:https%3A%2F%2Flancamentossc.com.br%2Fsite%2Fproperty%2F%3Fcity%3Dserra-catarinense%26post_type%3Dproperty&#8221; el_class=&#8221;justify-content-start-sm&#8221;][\/vc_column][vc_column][\/vc_column][\/vc_row][vc_row full_width=&#8221;stretch_row_content_no_spaces&#8221;][vc_column css=&#8221;.vc_custom_1750447076288{padding-right: 10% !important;padding-left: 10% !important;}&#8221;][g5element_space spacing=&#8221;27&#8243;][g5element_properties_carousel property_city=&#8221;46&#8243; columns_lg=&#8221;3&#8243; columns_md=&#8221;2&#8243; columns_sm=&#8221;1&#8243; columns=&#8221;1&#8243; slider_navigation_enable=&#8221;on&#8221; slider_autoplay_enable=&#8221;on&#8221; post_image_ratio_width=&#8221;357&#8243; post_image_ratio_height=&#8221;210&#8243; el_class=&#8221;custom-properties-carousel-01&#8243;][g5element_space spacing=&#8221;70&#8243;][\/vc_column][\/vc_row][vc_row full_width=&#8221;stretch_row_content_no_spaces&#8221; el_class=&#8221;vc-row-left-right-200 vc-col-no-pt&#8221;][vc_column][\/vc_column][vc_column width=&#8221;7\/12&#8243; css=&#8221;.vc_custom_1750448443352{padding-left: 30px !important;}&#8221;][g5element_heading title=&#8221;Vale do Itaja\u00ed&#8221; switch_line_field=&#8221;on&#8221;][\/vc_column][vc_column width=&#8221;5\/12&#8243;][g5element_space spacing=&#8221;20&#8243;][g5element_button title=&#8221;VER TODOS&#8221; shape=&#8221;rounded&#8221; color=&#8221;primary&#8221; align=&#8221;right&#8221; icon_font=&#8221;fas fa-long-arrow-alt-right&#8221; icon_align=&#8221;right&#8221; button_typography=&#8221;%7B%22font_family%22%3A%22%22%2C%22font_weight%22%3A%22%22%2C%22font_style%22%3A%22%22%2C%22font_size_lg%22%3A%22%22%2C%22font_size_md%22%3A%22%22%2C%22font_size_sm%22%3A%22%22%2C%22font_size_xs%22%3A%22%22%2C%22align%22%3A%22%22%2C%22text_transform%22%3A%22%22%2C%22line_height%22%3A%22%22%2C%22letter_spacing%22%3A%22-0.22px%22%2C%22color%22%3A%22%22%2C%22hover_color%22%3A%22%22%7D&#8221; padding_left_right=&#8221;34&#8243; link=&#8221;url:https%3A%2F%2Flancamentossc.com.br%2Fsite%2Fproperty%2F%3Fcity%3Dvale-do-itajai%26post_type%3Dproperty&#8221; el_class=&#8221;justify-content-start-sm&#8221;][\/vc_column][vc_column][\/vc_column][\/vc_row][vc_row full_width=&#8221;stretch_row_content_no_spaces&#8221;][vc_column css=&#8221;.vc_custom_1750447076288{padding-right: 10% !important;padding-left: 10% !important;}&#8221;][g5element_space spacing=&#8221;27&#8243;][g5element_properties_carousel property_city=&#8221;52&#8243; columns_lg=&#8221;3&#8243; columns_md=&#8221;2&#8243; columns_sm=&#8221;1&#8243; columns=&#8221;1&#8243; slider_navigation_enable=&#8221;on&#8221; slider_autoplay_enable=&#8221;on&#8221; post_image_ratio_width=&#8221;357&#8243; post_image_ratio_height=&#8221;210&#8243; el_class=&#8221;custom-properties-carousel-01&#8243;][g5element_space spacing=&#8221;70&#8243;][\/vc_column][\/vc_row][vc_row full_width=&#8221;stretch_row_content_no_spaces&#8221; el_class=&#8221;vc-row-left-right-200 vc-col-no-pt&#8221;][vc_column][\/vc_column][vc_column width=&#8221;7\/12&#8243; css=&#8221;.vc_custom_1750448475282{padding-left: 30px !important;}&#8221;][g5element_heading title=&#8221;Sul&#8221; switch_line_field=&#8221;on&#8221;][\/vc_column][vc_column width=&#8221;5\/12&#8243;][g5element_space spacing=&#8221;20&#8243;][g5element_button title=&#8221;VER TODOS&#8221; shape=&#8221;rounded&#8221; color=&#8221;primary&#8221; align=&#8221;right&#8221; icon_font=&#8221;fas fa-long-arrow-alt-right&#8221; icon_align=&#8221;right&#8221; button_typography=&#8221;%7B%22font_family%22%3A%22%22%2C%22font_weight%22%3A%22%22%2C%22font_style%22%3A%22%22%2C%22font_size_lg%22%3A%22%22%2C%22font_size_md%22%3A%22%22%2C%22font_size_sm%22%3A%22%22%2C%22font_size_xs%22%3A%22%22%2C%22align%22%3A%22%22%2C%22text_transform%22%3A%22%22%2C%22line_height%22%3A%22%22%2C%22letter_spacing%22%3A%22-0.22px%22%2C%22color%22%3A%22%22%2C%22hover_color%22%3A%22%22%7D&#8221; padding_left_right=&#8221;34&#8243; link=&#8221;url:https%3A%2F%2Flancamentossc.com.br%2Fsite%2Fproperty%2F%3Fcity%3Dsul%26post_type%3Dproperty&#8221; el_class=&#8221;justify-content-start-sm&#8221;][\/vc_column][vc_column][\/vc_column][\/vc_row][vc_row full_width=&#8221;stretch_row_content_no_spaces&#8221;][vc_column css=&#8221;.vc_custom_1750447076288{padding-right: 10% !important;padding-left: 10% !important;}&#8221;][g5element_space spacing=&#8221;27&#8243;][g5element_properties_carousel property_city=&#8221;69&#8243; columns_lg=&#8221;3&#8243; columns_md=&#8221;2&#8243; columns_sm=&#8221;1&#8243; columns=&#8221;1&#8243; slider_navigation_enable=&#8221;on&#8221; slider_autoplay_enable=&#8221;on&#8221; post_image_ratio_width=&#8221;357&#8243; post_image_ratio_height=&#8221;210&#8243; el_class=&#8221;custom-properties-carousel-01&#8243;][g5element_space spacing=&#8221;70&#8243;][\/vc_column][\/vc_row][vc_row full_width=&#8221;stretch_row_content_no_spaces&#8221; el_class=&#8221;vc-row-left-right-200 vc-col-no-pt&#8221;][vc_column][\/vc_column][vc_column width=&#8221;7\/12&#8243; css=&#8221;.vc_custom_1750448506375{padding-left: 30px !important;}&#8221;][g5element_heading title=&#8221;Oeste&#8221; switch_line_field=&#8221;on&#8221;][\/vc_column][vc_column width=&#8221;5\/12&#8243;][g5element_space spacing=&#8221;20&#8243;][g5element_button title=&#8221;VER TODOS&#8221; shape=&#8221;rounded&#8221; color=&#8221;primary&#8221; align=&#8221;right&#8221; icon_font=&#8221;fas fa-long-arrow-alt-right&#8221; icon_align=&#8221;right&#8221; button_typography=&#8221;%7B%22font_family%22%3A%22%22%2C%22font_weight%22%3A%22%22%2C%22font_style%22%3A%22%22%2C%22font_size_lg%22%3A%22%22%2C%22font_size_md%22%3A%22%22%2C%22font_size_sm%22%3A%22%22%2C%22font_size_xs%22%3A%22%22%2C%22align%22%3A%22%22%2C%22text_transform%22%3A%22%22%2C%22line_height%22%3A%22%22%2C%22letter_spacing%22%3A%22-0.22px%22%2C%22color%22%3A%22%22%2C%22hover_color%22%3A%22%22%7D&#8221; padding_left_right=&#8221;34&#8243; link=&#8221;url:https%3A%2F%2Flancamentossc.com.br%2Fsite%2Fproperty%2F%3Fcity%3Doeste%26post_type%3Dproperty&#8221; el_class=&#8221;justify-content-start-sm&#8221;][\/vc_column][vc_column][\/vc_column][\/vc_row][vc_row full_width=&#8221;stretch_row_content_no_spaces&#8221;][vc_column css=&#8221;.vc_custom_1750447076288{padding-right: 10% !important;padding-left: 10% !important;}&#8221;][g5element_space spacing=&#8221;27&#8243;][g5element_properties_carousel property_city=&#8221;68&#8243; columns_lg=&#8221;3&#8243; columns_md=&#8221;2&#8243; columns_sm=&#8221;1&#8243; columns=&#8221;1&#8243; slider_navigation_enable=&#8221;on&#8221; slider_autoplay_enable=&#8221;on&#8221; post_image_ratio_width=&#8221;357&#8243; post_image_ratio_height=&#8221;210&#8243; el_class=&#8221;custom-properties-carousel-01&#8243;][g5element_space spacing=&#8221;70&#8243;][\/vc_column][\/vc_row]<\/p>\n<\/div>","protected":false},"excerpt":{"rendered":"<p>[vc_row full_width=&#8221;stretch_row&#8221; content_placement=&#8221;middle&#8221; bg_overlay_mode=&#8221;color&#8221; bg_overlay_opacity=&#8221;40&#8243; css=&#8221;.vc_custom_1727866595614{background: #E39A6600 url(https:\/\/lancamentossc.com.br\/site\/wp-content\/uploads\/2024\/10\/Design-sem-nome-3.jpg?id=5289) !important;}&#8221; bg_overlay_color=&#8221;#00000000&#8243;][vc_column][g5element_space spacing=&#8221;160&#8243;][g5element_heading layout_style=&#8221;style-02&#8243; title=&#8221;Os Melhores Lan\u00e7amentos Imobili\u00e1rios de SC&#8221; title_typography=&#8221;%7B%22font_family%22%3A%22%22%2C%22font_weight%22%3A%22%22%2C%22font_style%22%3A%22%22%2C%22font_size_lg%22%3A%2250%22%2C%22font_size_md%22%3A%22%22%2C%22font_size_sm%22%3A%22%22%2C%22font_size_xs%22%3A%2242%22%2C%22align%22%3A%22%22%2C%22text_transform%22%3A%22%22%2C%22line_height%22%3A%221.54%22%2C%22letter_spacing%22%3A%22%22%2C%22color%22%3A%22%23102f6b%22%2C%22hover_color%22%3A%22%22%7D&#8221; subtitle_typography=&#8221;%7B%22font_family%22%3A%22%22%2C%22font_weight%22%3A%22%22%2C%22font_style%22%3A%22%22%2C%22font_size_lg%22%3A%2222%22%2C%22font_size_md%22%3A%22%22%2C%22font_size_sm%22%3A%22%22%2C%22font_size_xs%22%3A%2218%22%2C%22align%22%3A%22%22%2C%22text_transform%22%3A%22%22%2C%22line_height%22%3A%22%22%2C%22letter_spacing%22%3A%223.67px%22%2C%22color%22%3A%22%23ffffff%22%2C%22hover_color%22%3A%22%22%7D&#8221;][g5element_space spacing=&#8221;83&#8243;][g5element_property_search_form search_form=&#8221;ere-search-03&#8243; el_class=&#8221;custom-ere-search-05&#8243;][g5element_space][\/vc_column][\/vc_row][vc_row full_width=&#8221;stretch_row&#8221; el_class=&#8221;vc-col-no-pt vc-row-left-right-200&#8243; css=&#8221;.vc_custom_1727866981572{padding-right: 10% !important;padding-left: 10% !important;background-color: #E7E7E7 !important;border-color: #E7E7E7 !important;}&#8221;][vc_column][g5element_space spacing=&#8221;40&#8243; spacing_md=&#8221;50&#8243;][\/vc_column][vc_column width=&#8221;1\/2&#8243; offset=&#8221;vc_col-lg-4 vc_col-md-5&#8243;][vc_column_text css=&#8221;&#8221;] 493 Empreendimentos cadastrados! [\/vc_column_text][g5element_heading title=&#8221;Buscar por regi\u00e3o&#8221; description=&#8221;Escolha a regi\u00e3o desejada e confira os [&hellip;]<\/p>\n","protected":false},"author":1,"featured_media":0,"parent":0,"menu_order":0,"comment_status":"closed","ping_status":"closed","template":"","meta":{"footnotes":""},"class_list":["post-2230","page","type-page","status-publish","hentry"],"_links":{"self":[{"href":"https:\/\/lancamentossc.com.br\/site\/wp-json\/wp\/v2\/pages\/2230"}],"collection":[{"href":"https:\/\/lancamentossc.com.br\/site\/wp-json\/wp\/v2\/pages"}],"about":[{"href":"https:\/\/lancamentossc.com.br\/site\/wp-json\/wp\/v2\/types\/page"}],"author":[{"embeddable":true,"href":"https:\/\/lancamentossc.com.br\/site\/wp-json\/wp\/v2\/users\/1"}],"replies":[{"embeddable":true,"href":"https:\/\/lancamentossc.com.br\/site\/wp-json\/wp\/v2\/comments?post=2230"}],"version-history":[{"count":149,"href":"https:\/\/lancamentossc.com.br\/site\/wp-json\/wp\/v2\/pages\/2230\/revisions"}],"predecessor-version":[{"id":20682,"href":"https:\/\/lancamentossc.com.br\/site\/wp-json\/wp\/v2\/pages\/2230\/revisions\/20682"}],"wp:attachment":[{"href":"https:\/\/lancamentossc.com.br\/site\/wp-json\/wp\/v2\/media?parent=2230"}],"curies":[{"name":"wp","href":"https:\/\/api.w.org\/{rel}","templated":true}]}}