{"id":284,"date":"2020-07-15T08:04:41","date_gmt":"2020-07-15T08:04:41","guid":{"rendered":"https:\/\/homeid.g5plus.net\/?page_id=284"},"modified":"2024-10-29T17:21:32","modified_gmt":"2024-10-29T17:21:32","slug":"lancamentos","status":"publish","type":"page","link":"https:\/\/lancamentossc.com.br\/site\/lancamentos\/","title":{"rendered":"Sobre n\u00f3s"},"content":{"rendered":"<div class=\"wpb-content-wrapper\"><p>[vc_row full_width=&#8221;stretch_row&#8221; bg_overlay_mode=&#8221;color&#8221; bg_overlay_opacity=&#8221;70&#8243; css=&#8221;.vc_custom_1727985998643{background-image: url(https:\/\/lancamentossc.com.br\/site\/wp-content\/uploads\/2024\/10\/Design-sem-nome-2.jpg?id=5287) !important;}&#8221; bg_overlay_color=&#8221;#FFFFFF&#8221;][vc_column width=&#8221;1\/2&#8243;][vc_empty_space][vc_column_text css=&#8221;&#8221;]<\/p>\n<div class=\"wpb_text_column wpb_content_element \">\n<div class=\"wpb_wrapper\">\n<h5>Somos especialistas na venda de im\u00f3veis na planta, oferecendo uma experi\u00eancia \u00fanica e altamente personalizada para nossos clientes. Com ampla experi\u00eancia e um profundo conhecimento do mercado, facilitamos a comunica\u00e7\u00e3o direta entre voc\u00ea e as construtoras, garantindo que sua compra seja a mais eficiente e transparente poss\u00edvel.<\/h5>\n<p>&nbsp;<\/p>\n<\/div>\n<\/div>\n<p>[\/vc_column_text][vc_column_text css=&#8221;&#8221;]<\/p>\n<div class=\"wpb_text_column wpb_content_element \">\n<div class=\"wpb_wrapper\">\n<h4><strong>DIFERENCIAIS<\/strong><\/h4>\n<p>&nbsp;<\/p>\n<\/div>\n<\/div>\n<p>[\/vc_column_text][vc_column_text css=&#8221;&#8221;]<\/p>\n<div class=\"wpb_text_column wpb_content_element \">\n<div class=\"wpb_wrapper\">\n<h4>Especializa\u00e7\u00e3o em Im\u00f3veis na Planta<\/h4>\n<p>Focamos exclusivamente em im\u00f3veis que est\u00e3o na planta, permitindo que voc\u00ea tenha acesso a uma sele\u00e7\u00e3o cuidadosamente curada de projetos em constru\u00e7\u00e3o. Nossa expertise nos permite fornecer informa\u00e7\u00f5es detalhadas e atualizadas sobre cada empreendimento.<\/p>\n<\/div>\n<\/div>\n<p>[\/vc_column_text][vc_column_text css=&#8221;&#8221;]<\/p>\n<div class=\"wpb_text_column wpb_content_element \">\n<div class=\"wpb_wrapper\">\n<h4>Comunica\u00e7\u00e3o Direta com Construtoras<\/h4>\n<p>Eliminamos intermedi\u00e1rios e facilitamos a comunica\u00e7\u00e3o direta entre voc\u00ea e as construtoras. Isso n\u00e3o s\u00f3 agiliza o processo de compra, mas tamb\u00e9m assegura que voc\u00ea tenha acesso \u00e0s informa\u00e7\u00f5es mais precisas e recentes sobre o andamento da obra e as especifica\u00e7\u00f5es do im\u00f3vel.<\/p>\n<\/div>\n<\/div>\n<p>[\/vc_column_text][vc_column_text css=&#8221;&#8221;]<\/p>\n<div class=\"wpb_text_column wpb_content_element \">\n<div class=\"wpb_wrapper\">\n<h4>Experi\u00eancia e Conhecimento<\/h4>\n<p>Com uma longa trajet\u00f3ria no mercado imobili\u00e1rio, nossa equipe \u00e9 composta por profissionais altamente qualificados, prontos para orientar voc\u00ea em todas as etapas da compra. Nosso conhecimento profundo do setor nos permite oferecer consultoria especializada e apoio cont\u00ednuo.<\/p>\n<\/div>\n<\/div>\n<p>[\/vc_column_text][vc_column_text css=&#8221;&#8221;]<\/p>\n<div class=\"wpb_text_column wpb_content_element \">\n<div class=\"wpb_wrapper\">\n<h4>Transpar\u00eancia e Confian\u00e7a<\/h4>\n<p>Na Lan\u00e7amentos SC, valorizamos a transpar\u00eancia e a confian\u00e7a. Fornecemos todas as informa\u00e7\u00f5es necess\u00e1rias para que voc\u00ea tome decis\u00f5es informadas e seguras, garantindo um processo de compra sem surpresas.<\/p>\n<\/div>\n<\/div>\n<p>[\/vc_column_text][vc_column_text css=&#8221;&#8221;]<\/p>\n<div class=\"wpb_text_column wpb_content_element \">\n<div class=\"wpb_wrapper\">\n<h4>Facilidade e Agilidade<\/h4>\n<p>Nosso objetivo \u00e9 tornar sua experi\u00eancia de compra o mais tranquilo e eficiente poss\u00edvel. Desde a escolha do im\u00f3vel at\u00e9 a conclus\u00e3o da compra, estamos aqui para facilitar cada etapa, garantindo que voc\u00ea tenha uma experi\u00eancia positiva e sem estresse.<\/p>\n<\/div>\n<\/div>\n<p>[\/vc_column_text][vc_empty_space height=&#8221;132px&#8221;][\/vc_column][vc_column width=&#8221;1\/2&#8243;][vc_empty_space][vc_column_text css=&#8221;&#8221;]<img loading=\"lazy\" decoding=\"async\" class=\"size-medium wp-image-5472 aligncenter\" src=\"https:\/\/lancamentossc.com.br\/site\/wp-content\/uploads\/2024\/10\/favicon-300x300.png\" alt=\"\" width=\"300\" height=\"300\" srcset=\"https:\/\/lancamentossc.com.br\/site\/wp-content\/uploads\/2024\/10\/favicon-300x300.png 300w, https:\/\/lancamentossc.com.br\/site\/wp-content\/uploads\/2024\/10\/favicon-150x150.png 150w, https:\/\/lancamentossc.com.br\/site\/wp-content\/uploads\/2024\/10\/favicon.png 479w\" sizes=\"(max-width: 300px) 100vw, 300px\" \/>[\/vc_column_text][vc_empty_space height=&#8221;132px&#8221;][\/vc_column][\/vc_row]<\/p>\n<\/div>","protected":false},"excerpt":{"rendered":"<p>[vc_row full_width=&#8221;stretch_row&#8221; bg_overlay_mode=&#8221;color&#8221; bg_overlay_opacity=&#8221;70&#8243; css=&#8221;.vc_custom_1727985998643{background-image: url(https:\/\/lancamentossc.com.br\/site\/wp-content\/uploads\/2024\/10\/Design-sem-nome-2.jpg?id=5287) !important;}&#8221; bg_overlay_color=&#8221;#FFFFFF&#8221;][vc_column width=&#8221;1\/2&#8243;][vc_empty_space][vc_column_text css=&#8221;&#8221;] Somos especialistas na venda de im\u00f3veis na planta, oferecendo uma experi\u00eancia \u00fanica e altamente personalizada para nossos clientes. Com ampla experi\u00eancia e um profundo conhecimento do mercado, facilitamos a comunica\u00e7\u00e3o direta entre voc\u00ea e as construtoras, garantindo que sua compra seja a mais eficiente e [&hellip;]<\/p>\n","protected":false},"author":1,"featured_media":0,"parent":0,"menu_order":0,"comment_status":"closed","ping_status":"closed","template":"","meta":{"footnotes":""},"class_list":["post-284","page","type-page","status-publish","hentry"],"_links":{"self":[{"href":"https:\/\/lancamentossc.com.br\/site\/wp-json\/wp\/v2\/pages\/284"}],"collection":[{"href":"https:\/\/lancamentossc.com.br\/site\/wp-json\/wp\/v2\/pages"}],"about":[{"href":"https:\/\/lancamentossc.com.br\/site\/wp-json\/wp\/v2\/types\/page"}],"author":[{"embeddable":true,"href":"https:\/\/lancamentossc.com.br\/site\/wp-json\/wp\/v2\/users\/1"}],"replies":[{"embeddable":true,"href":"https:\/\/lancamentossc.com.br\/site\/wp-json\/wp\/v2\/comments?post=284"}],"version-history":[{"count":11,"href":"https:\/\/lancamentossc.com.br\/site\/wp-json\/wp\/v2\/pages\/284\/revisions"}],"predecessor-version":[{"id":6997,"href":"https:\/\/lancamentossc.com.br\/site\/wp-json\/wp\/v2\/pages\/284\/revisions\/6997"}],"wp:attachment":[{"href":"https:\/\/lancamentossc.com.br\/site\/wp-json\/wp\/v2\/media?parent=284"}],"curies":[{"name":"wp","href":"https:\/\/api.w.org\/{rel}","templated":true}]}}